{"id":14748,"date":"2020-05-22T09:20:59","date_gmt":"2020-05-22T01:20:59","guid":{"rendered":"https:\/\/www.fjpremium.com\/?post_type=product&#038;p=14748"},"modified":"2023-07-17T09:20:03","modified_gmt":"2023-07-17T01:20:03","slug":"8k-displayport-to-displayport-dp-1-4-cable","status":"publish","type":"product","link":"https:\/\/www.fjpremium.com\/de\/product\/8k-displayport-to-displayport-dp-1-4-cable\/","title":{"rendered":"Hochwertiges Displayport zu Displayport 1.4 8K geflochtenes Metallkabel f\u00fcr 144hz Monitor Unterst\u00fctzung 8K@60hz, 4K@120hz"},"content":{"rendered":"<p>Dieses revolution\u00e4re Produkt l\u00e4utet eine \u00c4ra der herausragenden 8K-Leistung ein. Es unterst\u00fctzt bis zu 8K@60Hz oder 4K@120Hz und sorgt so f\u00fcr ein bemerkenswertes visuelles Erlebnis beim Gaming oder Streaming.<\/p>\n<p>Sein strapazierf\u00e4higes Geflecht, gepaart mit einem Metallgeh\u00e4use, verleiht ihm Robustheit und ein hochwertiges Gef\u00fchl. Au\u00dferdem unterst\u00fctzt es HBR3, DSC 1.2, FEC und 32 Audiokan\u00e4le, was ein umfassendes, immersives Medienerlebnis verspricht.<\/p>\n<p>Mit der F\u00e4higkeit des Kabels, unkomprimierte digitale 7.1-, 5.1- oder 2-Kanal-Kan\u00e4le einwandfrei weiterzuleiten, k\u00f6nnen Sie den Charme des perfekten Klangs erleben.<\/p>\n<p>Die Kompatibilit\u00e4t mit DisplayPort 1.2 gew\u00e4hrleistet, dass auch \u00e4ltere Ger\u00e4te in den Genuss dieser hervorragenden Leistung kommen.<\/p>\n<p>Seine Spezifikationen:<\/p>\n<ul>\n<li>Stecker durch Metallabschirmung abgedeckt<\/li>\n<li>Kabel-Leiter: Verzinntes Kupfer<\/li>\n<li>Isolierung: Gesch\u00e4umte PE-Haut\/HDPE<\/li>\n<li>Drahtst\u00e4rke: 30AWG(1-3M), 28AWG(5M)<\/li>\n<li>Dreifach abgeschirmt: verdrilltes Paar aus Aluminiumfolie, Gesamtaluminiumfolie, Geflecht,<\/li>\n<li>Mantel: PVC<\/li>\n<\/ul>\n<p>Da es au\u00dferdem RoHS- und REACH-konform ist, ist es die ideale Wahl f\u00fcr Sie, wenn Sie nachhaltige, leistungsstarke digitale L\u00f6sungen anstreben. Wenden Sie sich also noch heute an uns und investieren Sie in unser Metallgeflechtkabel.<\/p>","protected":false},"excerpt":{"rendered":"<p>Betreten Sie eine Welt beispielloser visueller und akustischer Pr\u00e4zision mit dem hochwertigen DisplayPort-zu-DisplayPort 1.4-Metallgeflechtkabel von Farsince.<\/p>","protected":false},"featured_media":14753,"template":"","meta":{"_acf_changed":false,"_seopress_robots_primary_cat":"","_seopress_titles_title":"","_seopress_titles_desc":"","_seopress_robots_index":"","site-sidebar-layout":"default","site-content-layout":"default","ast-site-content-layout":"default","site-content-style":"default","site-sidebar-style":"default","ast-global-header-display":"","ast-banner-title-visibility":"","ast-main-header-display":"","ast-hfb-above-header-display":"","ast-hfb-below-header-display":"","ast-hfb-mobile-header-display":"","site-post-title":"","ast-breadcrumbs-content":"","ast-featured-img":"","footer-sml-layout":"","ast-disable-related-posts":"","theme-transparent-header-meta":"default","adv-header-id-meta":"","stick-header-meta":"","header-above-stick-meta":"","header-main-stick-meta":"","header-below-stick-meta":"","astra-migrate-meta-layouts":"default","ast-page-background-enabled":"default","ast-page-background-meta":{"desktop":{"background-color":"","background-image":"","background-repeat":"repeat","background-position":"center center","background-size":"auto","background-attachment":"scroll","background-type":"","background-media":"","overlay-type":"","overlay-color":"","overlay-opacity":"","overlay-gradient":""},"tablet":{"background-color":"","background-image":"","background-repeat":"repeat","background-position":"center center","background-size":"auto","background-attachment":"scroll","background-type":"","background-media":"","overlay-type":"","overlay-color":"","overlay-opacity":"","overlay-gradient":""},"mobile":{"background-color":"","background-image":"","background-repeat":"repeat","background-position":"center center","background-size":"auto","background-attachment":"scroll","background-type":"","background-media":"","overlay-type":"","overlay-color":"","overlay-opacity":"","overlay-gradient":""}},"ast-content-background-meta":{"desktop":{"background-color":"var(--ast-global-color-5)","background-image":"","background-repeat":"repeat","background-position":"center center","background-size":"auto","background-attachment":"scroll","background-type":"","background-media":"","overlay-type":"","overlay-color":"","overlay-opacity":"","overlay-gradient":""},"tablet":{"background-color":"var(--ast-global-color-5)","background-image":"","background-repeat":"repeat","background-position":"center center","background-size":"auto","background-attachment":"scroll","background-type":"","background-media":"","overlay-type":"","overlay-color":"","overlay-opacity":"","overlay-gradient":""},"mobile":{"background-color":"var(--ast-global-color-5)","background-image":"","background-repeat":"repeat","background-position":"center center","background-size":"auto","background-attachment":"scroll","background-type":"","background-media":"","overlay-type":"","overlay-color":"","overlay-opacity":"","overlay-gradient":""}},"iawp_total_views":25},"product_brand":[],"product_cat":[460,212],"product_tag":[],"class_list":{"0":"post-14748","1":"product","2":"type-product","3":"status-publish","4":"has-post-thumbnail","6":"product_cat-featured-products","7":"product_cat-displayport","8":"desktop-align-left","9":"tablet-align-left","10":"mobile-align-left","12":"first","13":"instock","14":"featured","15":"shipping-taxable","16":"purchasable","17":"product-type-simple"},"acf":[],"_links":{"self":[{"href":"https:\/\/www.fjpremium.com\/de\/wp-json\/wp\/v2\/product\/14748","targetHints":{"allow":["GET"]}}],"collection":[{"href":"https:\/\/www.fjpremium.com\/de\/wp-json\/wp\/v2\/product"}],"about":[{"href":"https:\/\/www.fjpremium.com\/de\/wp-json\/wp\/v2\/types\/product"}],"wp:featuredmedia":[{"embeddable":true,"href":"https:\/\/www.fjpremium.com\/de\/wp-json\/wp\/v2\/media\/14753"}],"wp:attachment":[{"href":"https:\/\/www.fjpremium.com\/de\/wp-json\/wp\/v2\/media?parent=14748"}],"wp:term":[{"taxonomy":"product_brand","embeddable":true,"href":"https:\/\/www.fjpremium.com\/de\/wp-json\/wp\/v2\/product_brand?post=14748"},{"taxonomy":"product_cat","embeddable":true,"href":"https:\/\/www.fjpremium.com\/de\/wp-json\/wp\/v2\/product_cat?post=14748"},{"taxonomy":"product_tag","embeddable":true,"href":"https:\/\/www.fjpremium.com\/de\/wp-json\/wp\/v2\/product_tag?post=14748"}],"curies":[{"name":"wp","href":"https:\/\/api.w.org\/{rel}","templated":true}]}}