{"id":14729,"date":"2020-10-14T11:54:51","date_gmt":"2020-10-14T03:54:51","guid":{"rendered":"https:\/\/www.fjpremium.com\/?post_type=product&#038;p=14729"},"modified":"2023-12-06T09:25:06","modified_gmt":"2023-12-06T01:25:06","slug":"ultra-slim-36awg-thin-micro-hdmi-to-hdmi-cable","status":"publish","type":"product","link":"https:\/\/www.fjpremium.com\/de\/product\/ultra-slim-36awg-thin-micro-hdmi-to-hdmi-cable\/","title":{"rendered":"Hochgeschwindigkeits-Micro-HDMI-zu-HDMI-Ultraflexkabel"},"content":{"rendered":"<p>Unser Hochleistungskabel entspricht den neuesten HDMI-Standards und bietet eine schnelle Daten\u00fcbertragung sowie eine nahtlose Audio-, Video- und Internetverbindung.<\/p>\n<p>Der speziell entwickelte Micro-HDMI-D-Anschluss ist auf die neuesten Mobiltelefone und Digitalkameras zugeschnitten und erm\u00f6glicht eine bequeme Daten\u00fcbertragung.<\/p>\n<p>Und dank der einzigartigen M\u00f6glichkeit, internetf\u00e4hige Mobiltelefone mit Fernsehern zu verbinden, k\u00f6nnen Sie Webinhalte auf gr\u00f6\u00dferen Bildschirmen genie\u00dfen.<\/p>\n<p>Mit einer Aufl\u00f6sung von bis zu 4K 60Hz und True HD Dolby 7.1 und DTS-HD Master Audio sorgt dieses ultraflexible 36AWG-Kabel f\u00fcr ein lebendiges, immersives Multimedia-Erlebnis.<\/p>\n<p>Die Kompatibilit\u00e4t erstreckt sich auf verschiedene Ger\u00e4te wie die GoPro Hero-Serie, Raspberry Pi 4, Sony- und Nikon-Kameras, Lenovo-Laptops und mehr.<\/p>\n<p>Seine Spezifikationen:<\/p>\n<ul>\n<li>Geh\u00e4use: ABS-Schale<\/li>\n<li>Mantel: PVC<\/li>\n<li>Durchmesser: 3,6 mm<\/li>\n<li>Konform: RoHS, REACH<\/li>\n<li>Rundkabel oder Flachkabel sind alle verf\u00fcgbar<\/li>\n<\/ul>\n<p>Au\u00dferdem ist es mit einer vergoldeten H\u00fclle und einem verzinnten Kupferleiter dreifach abgeschirmt und bietet so eine hervorragende Leistung. Kurzum, entscheiden Sie sich f\u00fcr das Kabel und bieten Sie ein Multimedia-Erlebnis wie nie zuvor.<\/p>","protected":false},"excerpt":{"rendered":"<p>Revolutionieren Sie das Multimedia-Erlebnis mit dem ultraflexiblen Hochgeschwindigkeits-Micro-HDMI-auf-HDMI-Kabel von FARSINCE, das eine Aufl\u00f6sung von bis zu 4K 60 Hz unterst\u00fctzt.<\/p>","protected":false},"featured_media":15869,"template":"","meta":{"_acf_changed":false,"_seopress_robots_primary_cat":"","_seopress_titles_title":"Micro HDMI to HDMI Ultra Flexible Cable - Farsince","_seopress_titles_desc":"","_seopress_robots_index":"","site-sidebar-layout":"default","site-content-layout":"default","ast-site-content-layout":"default","site-content-style":"default","site-sidebar-style":"default","ast-global-header-display":"","ast-banner-title-visibility":"","ast-main-header-display":"","ast-hfb-above-header-display":"","ast-hfb-below-header-display":"","ast-hfb-mobile-header-display":"","site-post-title":"","ast-breadcrumbs-content":"","ast-featured-img":"","footer-sml-layout":"","ast-disable-related-posts":"","theme-transparent-header-meta":"default","adv-header-id-meta":"","stick-header-meta":"","header-above-stick-meta":"","header-main-stick-meta":"","header-below-stick-meta":"","astra-migrate-meta-layouts":"set","ast-page-background-enabled":"default","ast-page-background-meta":{"desktop":{"background-color":"","background-image":"","background-repeat":"repeat","background-position":"center center","background-size":"auto","background-attachment":"scroll","background-type":"","background-media":"","overlay-type":"","overlay-color":"","overlay-opacity":"","overlay-gradient":""},"tablet":{"background-color":"","background-image":"","background-repeat":"repeat","background-position":"center center","background-size":"auto","background-attachment":"scroll","background-type":"","background-media":"","overlay-type":"","overlay-color":"","overlay-opacity":"","overlay-gradient":""},"mobile":{"background-color":"","background-image":"","background-repeat":"repeat","background-position":"center center","background-size":"auto","background-attachment":"scroll","background-type":"","background-media":"","overlay-type":"","overlay-color":"","overlay-opacity":"","overlay-gradient":""}},"ast-content-background-meta":{"desktop":{"background-color":"var(--ast-global-color-5)","background-image":"","background-repeat":"repeat","background-position":"center center","background-size":"auto","background-attachment":"scroll","background-type":"","background-media":"","overlay-type":"","overlay-color":"","overlay-opacity":"","overlay-gradient":""},"tablet":{"background-color":"var(--ast-global-color-5)","background-image":"","background-repeat":"repeat","background-position":"center center","background-size":"auto","background-attachment":"scroll","background-type":"","background-media":"","overlay-type":"","overlay-color":"","overlay-opacity":"","overlay-gradient":""},"mobile":{"background-color":"var(--ast-global-color-5)","background-image":"","background-repeat":"repeat","background-position":"center center","background-size":"auto","background-attachment":"scroll","background-type":"","background-media":"","overlay-type":"","overlay-color":"","overlay-opacity":"","overlay-gradient":""}},"iawp_total_views":5},"product_brand":[],"product_cat":[211],"product_tag":[],"class_list":{"0":"post-14729","1":"product","2":"type-product","3":"status-publish","4":"has-post-thumbnail","6":"product_cat-hdmi","7":"desktop-align-left","8":"tablet-align-left","9":"mobile-align-left","11":"first","12":"instock","13":"shipping-taxable","14":"purchasable","15":"product-type-simple"},"acf":[],"_links":{"self":[{"href":"https:\/\/www.fjpremium.com\/de\/wp-json\/wp\/v2\/product\/14729","targetHints":{"allow":["GET"]}}],"collection":[{"href":"https:\/\/www.fjpremium.com\/de\/wp-json\/wp\/v2\/product"}],"about":[{"href":"https:\/\/www.fjpremium.com\/de\/wp-json\/wp\/v2\/types\/product"}],"wp:featuredmedia":[{"embeddable":true,"href":"https:\/\/www.fjpremium.com\/de\/wp-json\/wp\/v2\/media\/15869"}],"wp:attachment":[{"href":"https:\/\/www.fjpremium.com\/de\/wp-json\/wp\/v2\/media?parent=14729"}],"wp:term":[{"taxonomy":"product_brand","embeddable":true,"href":"https:\/\/www.fjpremium.com\/de\/wp-json\/wp\/v2\/product_brand?post=14729"},{"taxonomy":"product_cat","embeddable":true,"href":"https:\/\/www.fjpremium.com\/de\/wp-json\/wp\/v2\/product_cat?post=14729"},{"taxonomy":"product_tag","embeddable":true,"href":"https:\/\/www.fjpremium.com\/de\/wp-json\/wp\/v2\/product_tag?post=14729"}],"curies":[{"name":"wp","href":"https:\/\/api.w.org\/{rel}","templated":true}]}}