{"id":14687,"date":"2020-10-13T16:10:33","date_gmt":"2020-10-13T08:10:33","guid":{"rendered":"https:\/\/www.fjpremium.com\/?post_type=product&#038;p=14687"},"modified":"2023-12-14T13:51:15","modified_gmt":"2023-12-14T05:51:15","slug":"hdmi-to-dvi-bi-direction-cable","status":"publish","type":"product","link":"https:\/\/www.fjpremium.com\/de\/product\/hdmi-to-dvi-bi-direction-cable\/","title":{"rendered":"HDMI zu DVI-D Dual link 24+1 Bi-Direction Digital Adapter Kabel 1m 2m 3m 5m 10m"},"content":{"rendered":"<p>Das bi-direktionale Kabel ist die perfekte L\u00f6sung f\u00fcr den Anschluss von HDMI-f\u00e4higen Ger\u00e4ten an DVI-Bildschirme und umgekehrt.<\/p>\n<p>Er wurde f\u00fcr High-Definition-Videostreaming oder Spiele entwickelt und \u00fcbertr\u00e4gt Videosignale nahtlos von Ihrem Ger\u00e4t zu Ihrem Monitor, um eine lebendige visuelle Ausgabe zu gew\u00e4hrleisten.<\/p>\n<p>Mit Unterst\u00fctzung f\u00fcr Aufl\u00f6sungen bis zu 1920\u00d71080@60 (1080p Full HD), einschlie\u00dflich 720p und 1600\u00d71200, ist unser digitales Adapterkabel der Schl\u00fcssel zu kristallklaren Bildern auf Ihren HD-Monitoren oder Projektoren.<\/p>\n<p>Es ist mit vergoldeten Anschl\u00fcssen und hochwertigen Materialien ausgestattet und verspricht dauerhafte Leistung.<\/p>\n<p>Seine Spezifikationen:<\/p>\n<ul>\n<li>Kabel-Leiter: Blanke Kupfer<\/li>\n<li>Drahtst\u00e4rke: 30AWG(1-5M), 28AWG(5-10M)<\/li>\n<li>Mantel: PVC<\/li>\n<li>Konform: RoHS, REACH<\/li>\n<\/ul>\n<p>Dar\u00fcber hinaus arbeiten die Folien- und Geflechtabschirmung zusammen, um Nebensprechen zu minimieren, Rauschen zu unterdr\u00fccken und vor elektromagnetischen und Hochfrequenzst\u00f6rungen zu sch\u00fctzen. Vertrauen Sie also auf dieses Kabel und kontaktieren Sie uns noch heute.<\/p>","protected":false},"excerpt":{"rendered":"<p>Machen Sie sich bereit f\u00fcr kompromisslose Qualit\u00e4t mit dem bidirektionalen digitalen HDMI-auf-DVI-D-Dual-Link-Adapterkabel von FARSINCE mit vergoldeten Anschl\u00fcssen und Abschirmung gegen St\u00f6rungen.<\/p>","protected":false},"featured_media":14696,"template":"","meta":{"_acf_changed":false,"_seopress_robots_primary_cat":"","_seopress_titles_title":"Dual link 24+1 Bi-Direction Digital Adapter Cable - Farsince","_seopress_titles_desc":"Get ready for uncompromised quality with FARSINCE&#039;s HDMI to DVI-D dual link bi-direction digital adapter cable, featuring shielding against interference.","_seopress_robots_index":"","site-sidebar-layout":"default","site-content-layout":"default","ast-site-content-layout":"default","site-content-style":"default","site-sidebar-style":"default","ast-global-header-display":"","ast-banner-title-visibility":"","ast-main-header-display":"","ast-hfb-above-header-display":"","ast-hfb-below-header-display":"","ast-hfb-mobile-header-display":"","site-post-title":"","ast-breadcrumbs-content":"","ast-featured-img":"","footer-sml-layout":"","ast-disable-related-posts":"","theme-transparent-header-meta":"default","adv-header-id-meta":"","stick-header-meta":"","header-above-stick-meta":"","header-main-stick-meta":"","header-below-stick-meta":"","astra-migrate-meta-layouts":"set","ast-page-background-enabled":"default","ast-page-background-meta":{"desktop":{"background-color":"","background-image":"","background-repeat":"repeat","background-position":"center center","background-size":"auto","background-attachment":"scroll","background-type":"","background-media":"","overlay-type":"","overlay-color":"","overlay-opacity":"","overlay-gradient":""},"tablet":{"background-color":"","background-image":"","background-repeat":"repeat","background-position":"center center","background-size":"auto","background-attachment":"scroll","background-type":"","background-media":"","overlay-type":"","overlay-color":"","overlay-opacity":"","overlay-gradient":""},"mobile":{"background-color":"","background-image":"","background-repeat":"repeat","background-position":"center center","background-size":"auto","background-attachment":"scroll","background-type":"","background-media":"","overlay-type":"","overlay-color":"","overlay-opacity":"","overlay-gradient":""}},"ast-content-background-meta":{"desktop":{"background-color":"var(--ast-global-color-5)","background-image":"","background-repeat":"repeat","background-position":"center center","background-size":"auto","background-attachment":"scroll","background-type":"","background-media":"","overlay-type":"","overlay-color":"","overlay-opacity":"","overlay-gradient":""},"tablet":{"background-color":"var(--ast-global-color-5)","background-image":"","background-repeat":"repeat","background-position":"center center","background-size":"auto","background-attachment":"scroll","background-type":"","background-media":"","overlay-type":"","overlay-color":"","overlay-opacity":"","overlay-gradient":""},"mobile":{"background-color":"var(--ast-global-color-5)","background-image":"","background-repeat":"repeat","background-position":"center center","background-size":"auto","background-attachment":"scroll","background-type":"","background-media":"","overlay-type":"","overlay-color":"","overlay-opacity":"","overlay-gradient":""}},"iawp_total_views":6},"product_brand":[],"product_cat":[211,638],"product_tag":[],"class_list":{"0":"post-14687","1":"product","2":"type-product","3":"status-publish","4":"has-post-thumbnail","6":"product_cat-hdmi","7":"product_cat-hdmi-cables","8":"desktop-align-left","9":"tablet-align-left","10":"mobile-align-left","12":"first","13":"instock","14":"shipping-taxable","15":"purchasable","16":"product-type-simple"},"acf":[],"_links":{"self":[{"href":"https:\/\/www.fjpremium.com\/de\/wp-json\/wp\/v2\/product\/14687","targetHints":{"allow":["GET"]}}],"collection":[{"href":"https:\/\/www.fjpremium.com\/de\/wp-json\/wp\/v2\/product"}],"about":[{"href":"https:\/\/www.fjpremium.com\/de\/wp-json\/wp\/v2\/types\/product"}],"wp:featuredmedia":[{"embeddable":true,"href":"https:\/\/www.fjpremium.com\/de\/wp-json\/wp\/v2\/media\/14696"}],"wp:attachment":[{"href":"https:\/\/www.fjpremium.com\/de\/wp-json\/wp\/v2\/media?parent=14687"}],"wp:term":[{"taxonomy":"product_brand","embeddable":true,"href":"https:\/\/www.fjpremium.com\/de\/wp-json\/wp\/v2\/product_brand?post=14687"},{"taxonomy":"product_cat","embeddable":true,"href":"https:\/\/www.fjpremium.com\/de\/wp-json\/wp\/v2\/product_cat?post=14687"},{"taxonomy":"product_tag","embeddable":true,"href":"https:\/\/www.fjpremium.com\/de\/wp-json\/wp\/v2\/product_tag?post=14687"}],"curies":[{"name":"wp","href":"https:\/\/api.w.org\/{rel}","templated":true}]}}