{"id":14686,"date":"2020-10-13T16:10:32","date_gmt":"2020-10-13T08:10:32","guid":{"rendered":"https:\/\/www.fjpremium.com\/?post_type=product&#038;p=14686"},"modified":"2023-12-14T13:51:16","modified_gmt":"2023-12-14T05:51:16","slug":"hdmi-to-vga-adapter-cable-with-audio-and-power","status":"publish","type":"product","link":"https:\/\/www.fjpremium.com\/de\/product\/hdmi-to-vga-adapter-cable-with-audio-and-power\/","title":{"rendered":"Gro\u00dfhandel HDMI m\u00e4nnlich zu VGA 15pin weiblich Video Grafikkarte Adapter mit Audio Power 1080P f\u00fcr Macbook Pro"},"content":{"rendered":"<p>Unser hochwertiger Grafikkartenadapter ist in der Lage, digitale HDMI-Signale in analoge VGA- und Stereo-Audiosignale umzuwandeln.<\/p>\n<p>Es bietet die M\u00f6glichkeit, ein HDMI-f\u00e4higes Chromebook oder einen Laptop mit einem VGA-Bildschirm und einem Lautsprechersatz zu verbinden.<\/p>\n<p>Dar\u00fcber hinaus sorgt der integrierte aktive IC-Chip f\u00fcr optimale Kompatibilit\u00e4t und unterst\u00fctzt High-Definition-Aufl\u00f6sungen von bis zu 1920\u00d71080@60Hz f\u00fcr un\u00fcbertroffene Klarheit.<\/p>\n<p>Mit vergoldeten Anschl\u00fcssen und einem robusten ABS-Geh\u00e4use verspricht dieser Adapter Langlebigkeit und eine zuverl\u00e4ssige Verbindung.<\/p>\n<p>Seine Spezifikationen:<\/p>\n<ul>\n<li>Kabel-Leiter: 32AWG Blankes Kupfer<\/li>\n<li>Kabell\u00e4nge: 20cm<\/li>\n<li>Abschirmung: Alufolie, Geflecht<\/li>\n<li>Mantel: PVC<\/li>\n<li>OD: 4.5MM<\/li>\n<li>Konform: RoHS, REACH<\/li>\n<\/ul>\n<p>Und jede Bestellung wird in einem Zip-Beutel verpackt und mit einer 2-Jahres-Garantie versehen. Fazit: Gehen Sie keine Kompromisse bei der Qualit\u00e4t ein und entscheiden Sie sich daf\u00fcr.<\/p>","protected":false},"excerpt":{"rendered":"<p>Erweitern Sie Ihr technisches Angebot mit dem HDMI-zu-VGA-Grafikkartenadapter von FARSINCE, der hochaufl\u00f6sende audiovisuelle Transformation f\u00fcr vielseitige Ger\u00e4tekompatibilit\u00e4t bietet.<\/p>","protected":false},"featured_media":23940,"template":"","meta":{"_acf_changed":false,"_seopress_robots_primary_cat":"","_seopress_titles_title":"Graphic Card Adapter with Audio Power - Farsince","_seopress_titles_desc":"Enhance your tech offerings with this HDMI to VGA graphic card adapter, boasting high-definition audiovisual transformation for versatile device compatibility. ","_seopress_robots_index":"","site-sidebar-layout":"default","site-content-layout":"default","ast-site-content-layout":"default","site-content-style":"default","site-sidebar-style":"default","ast-global-header-display":"","ast-banner-title-visibility":"","ast-main-header-display":"","ast-hfb-above-header-display":"","ast-hfb-below-header-display":"","ast-hfb-mobile-header-display":"","site-post-title":"","ast-breadcrumbs-content":"","ast-featured-img":"","footer-sml-layout":"","ast-disable-related-posts":"","theme-transparent-header-meta":"default","adv-header-id-meta":"","stick-header-meta":"","header-above-stick-meta":"","header-main-stick-meta":"","header-below-stick-meta":"","astra-migrate-meta-layouts":"set","ast-page-background-enabled":"default","ast-page-background-meta":{"desktop":{"background-color":"","background-image":"","background-repeat":"repeat","background-position":"center center","background-size":"auto","background-attachment":"scroll","background-type":"","background-media":"","overlay-type":"","overlay-color":"","overlay-opacity":"","overlay-gradient":""},"tablet":{"background-color":"","background-image":"","background-repeat":"repeat","background-position":"center center","background-size":"auto","background-attachment":"scroll","background-type":"","background-media":"","overlay-type":"","overlay-color":"","overlay-opacity":"","overlay-gradient":""},"mobile":{"background-color":"","background-image":"","background-repeat":"repeat","background-position":"center center","background-size":"auto","background-attachment":"scroll","background-type":"","background-media":"","overlay-type":"","overlay-color":"","overlay-opacity":"","overlay-gradient":""}},"ast-content-background-meta":{"desktop":{"background-color":"var(--ast-global-color-5)","background-image":"","background-repeat":"repeat","background-position":"center center","background-size":"auto","background-attachment":"scroll","background-type":"","background-media":"","overlay-type":"","overlay-color":"","overlay-opacity":"","overlay-gradient":""},"tablet":{"background-color":"var(--ast-global-color-5)","background-image":"","background-repeat":"repeat","background-position":"center center","background-size":"auto","background-attachment":"scroll","background-type":"","background-media":"","overlay-type":"","overlay-color":"","overlay-opacity":"","overlay-gradient":""},"mobile":{"background-color":"var(--ast-global-color-5)","background-image":"","background-repeat":"repeat","background-position":"center center","background-size":"auto","background-attachment":"scroll","background-type":"","background-media":"","overlay-type":"","overlay-color":"","overlay-opacity":"","overlay-gradient":""}},"iawp_total_views":14},"product_brand":[],"product_cat":[460,211,638],"product_tag":[],"class_list":{"0":"post-14686","1":"product","2":"type-product","3":"status-publish","4":"has-post-thumbnail","6":"product_cat-featured-products","7":"product_cat-hdmi","8":"product_cat-hdmi-cables","9":"desktop-align-left","10":"tablet-align-left","11":"mobile-align-left","13":"first","14":"instock","15":"shipping-taxable","16":"purchasable","17":"product-type-simple"},"acf":[],"_links":{"self":[{"href":"https:\/\/www.fjpremium.com\/de\/wp-json\/wp\/v2\/product\/14686","targetHints":{"allow":["GET"]}}],"collection":[{"href":"https:\/\/www.fjpremium.com\/de\/wp-json\/wp\/v2\/product"}],"about":[{"href":"https:\/\/www.fjpremium.com\/de\/wp-json\/wp\/v2\/types\/product"}],"wp:featuredmedia":[{"embeddable":true,"href":"https:\/\/www.fjpremium.com\/de\/wp-json\/wp\/v2\/media\/23940"}],"wp:attachment":[{"href":"https:\/\/www.fjpremium.com\/de\/wp-json\/wp\/v2\/media?parent=14686"}],"wp:term":[{"taxonomy":"product_brand","embeddable":true,"href":"https:\/\/www.fjpremium.com\/de\/wp-json\/wp\/v2\/product_brand?post=14686"},{"taxonomy":"product_cat","embeddable":true,"href":"https:\/\/www.fjpremium.com\/de\/wp-json\/wp\/v2\/product_cat?post=14686"},{"taxonomy":"product_tag","embeddable":true,"href":"https:\/\/www.fjpremium.com\/de\/wp-json\/wp\/v2\/product_tag?post=14686"}],"curies":[{"name":"wp","href":"https:\/\/api.w.org\/{rel}","templated":true}]}}