{"id":14661,"date":"2020-10-13T15:58:34","date_gmt":"2020-10-13T07:58:34","guid":{"rendered":"https:\/\/www.fjpremium.com\/?post_type=product&#038;p=14661"},"modified":"2023-12-14T13:51:16","modified_gmt":"2023-12-14T05:51:16","slug":"ultra-high-speed-hdmi-2-1-8k-cable","status":"publish","type":"product","link":"https:\/\/www.fjpremium.com\/de\/product\/ultra-high-speed-hdmi-2-1-8k-cable\/","title":{"rendered":"Geflochtenes Ultra HD HDMI Kabel f\u00fcr 8k 10k TV Box"},"content":{"rendered":"<p>Unser doppelt abgeschirmtes, strapazierf\u00e4higes, geflochtenes Kabel verf\u00fcgt \u00fcber ein hochwertiges Metallgeh\u00e4use, das f\u00fcr die Zukunft der Unterhaltung entwickelt wurde.<\/p>\n<p>Sie werden beeindruckende Aufl\u00f6sungen von bis zu 8K @ 60Hz erleben, erg\u00e4nzt durch das bahnbrechende Dynamic HDR, das Helligkeit, Farbe und Tiefe on-the-fly anpasst.<\/p>\n<p>Und die eARC unterst\u00fctzt die anspruchsvollsten Audioformate, von Dolby TrueHD bis DTS-HD Master Audio\u2122.<\/p>\n<p>Dieses HDMI-Kabel f\u00fcr 8k verf\u00fcgt \u00fcber den Spielmodus VRR und ALLM. Seine Daten\u00fcbertragungsrate liegt bei 48 Gbit\/s und sorgt f\u00fcr eine unvergleichliche Videoqualit\u00e4t.<\/p>\n<p>Seine Spezifikationen:<\/p>\n<ul>\n<li>Kabel-Leiter: Hochreines sauerstofffreies Kupfer<\/li>\n<li>Drahtst\u00e4rke: 30AWG(1-3M), 28(5M)<\/li>\n<li>Isolierung: HDPE<\/li>\n<li>Abschirmung: Dreifach geschirmte, verdrillte AL-Folie, AL-Gesamtfolie, 128# AL-MG-Geflecht, abgedeckt mit Kupferfolie und Metallschirmdose am Stecker<\/li>\n<li>Mantel: Weich-PVC<\/li>\n<\/ul>\n<p>Jedes Detail, von den 24-kar\u00e4tigen vergoldeten Kontakten bis hin zur RoHS- und REACH-Konformit\u00e4t, schreit nach Premium. Nehmen Sie noch heute Kontakt mit uns auf und investieren Sie in dieses Produkt, um Ihr Angebot aufzuwerten.<\/p>","protected":false},"excerpt":{"rendered":"<p>Erweitern Sie Ihr Gro\u00dfhandelsangebot mit dem Ultra HD-HDMI-Kabel f\u00fcr 8k von FARSINCE mit Dynamic HDR, eARC und 48 Gbit\/s Geschwindigkeit.<\/p>","protected":false},"featured_media":23926,"template":"","meta":{"_acf_changed":false,"_seopress_robots_primary_cat":"","_seopress_titles_title":"Braided Ultra HD HDMI Cable for 8k 10k TV Box - FARSINCE","_seopress_titles_desc":"","_seopress_robots_index":"","site-sidebar-layout":"default","site-content-layout":"default","ast-site-content-layout":"default","site-content-style":"default","site-sidebar-style":"default","ast-global-header-display":"","ast-banner-title-visibility":"","ast-main-header-display":"","ast-hfb-above-header-display":"","ast-hfb-below-header-display":"","ast-hfb-mobile-header-display":"","site-post-title":"","ast-breadcrumbs-content":"","ast-featured-img":"","footer-sml-layout":"","ast-disable-related-posts":"","theme-transparent-header-meta":"default","adv-header-id-meta":"","stick-header-meta":"","header-above-stick-meta":"","header-main-stick-meta":"","header-below-stick-meta":"","astra-migrate-meta-layouts":"set","ast-page-background-enabled":"default","ast-page-background-meta":{"desktop":{"background-color":"","background-image":"","background-repeat":"repeat","background-position":"center center","background-size":"auto","background-attachment":"scroll","background-type":"","background-media":"","overlay-type":"","overlay-color":"","overlay-opacity":"","overlay-gradient":""},"tablet":{"background-color":"","background-image":"","background-repeat":"repeat","background-position":"center center","background-size":"auto","background-attachment":"scroll","background-type":"","background-media":"","overlay-type":"","overlay-color":"","overlay-opacity":"","overlay-gradient":""},"mobile":{"background-color":"","background-image":"","background-repeat":"repeat","background-position":"center center","background-size":"auto","background-attachment":"scroll","background-type":"","background-media":"","overlay-type":"","overlay-color":"","overlay-opacity":"","overlay-gradient":""}},"ast-content-background-meta":{"desktop":{"background-color":"var(--ast-global-color-5)","background-image":"","background-repeat":"repeat","background-position":"center center","background-size":"auto","background-attachment":"scroll","background-type":"","background-media":"","overlay-type":"","overlay-color":"","overlay-opacity":"","overlay-gradient":""},"tablet":{"background-color":"var(--ast-global-color-5)","background-image":"","background-repeat":"repeat","background-position":"center center","background-size":"auto","background-attachment":"scroll","background-type":"","background-media":"","overlay-type":"","overlay-color":"","overlay-opacity":"","overlay-gradient":""},"mobile":{"background-color":"var(--ast-global-color-5)","background-image":"","background-repeat":"repeat","background-position":"center center","background-size":"auto","background-attachment":"scroll","background-type":"","background-media":"","overlay-type":"","overlay-color":"","overlay-opacity":"","overlay-gradient":""}},"iawp_total_views":25},"product_brand":[],"product_cat":[460,211,638],"product_tag":[],"class_list":{"0":"post-14661","1":"product","2":"type-product","3":"status-publish","4":"has-post-thumbnail","6":"product_cat-featured-products","7":"product_cat-hdmi","8":"product_cat-hdmi-cables","9":"desktop-align-left","10":"tablet-align-left","11":"mobile-align-left","13":"first","14":"instock","15":"shipping-taxable","16":"purchasable","17":"product-type-simple"},"acf":[],"_links":{"self":[{"href":"https:\/\/www.fjpremium.com\/de\/wp-json\/wp\/v2\/product\/14661","targetHints":{"allow":["GET"]}}],"collection":[{"href":"https:\/\/www.fjpremium.com\/de\/wp-json\/wp\/v2\/product"}],"about":[{"href":"https:\/\/www.fjpremium.com\/de\/wp-json\/wp\/v2\/types\/product"}],"wp:featuredmedia":[{"embeddable":true,"href":"https:\/\/www.fjpremium.com\/de\/wp-json\/wp\/v2\/media\/23926"}],"wp:attachment":[{"href":"https:\/\/www.fjpremium.com\/de\/wp-json\/wp\/v2\/media?parent=14661"}],"wp:term":[{"taxonomy":"product_brand","embeddable":true,"href":"https:\/\/www.fjpremium.com\/de\/wp-json\/wp\/v2\/product_brand?post=14661"},{"taxonomy":"product_cat","embeddable":true,"href":"https:\/\/www.fjpremium.com\/de\/wp-json\/wp\/v2\/product_cat?post=14661"},{"taxonomy":"product_tag","embeddable":true,"href":"https:\/\/www.fjpremium.com\/de\/wp-json\/wp\/v2\/product_tag?post=14661"}],"curies":[{"name":"wp","href":"https:\/\/api.w.org\/{rel}","templated":true}]}}