{"id":14656,"date":"2020-10-13T15:10:05","date_gmt":"2020-10-13T07:10:05","guid":{"rendered":"https:\/\/www.fjpremium.com\/?post_type=product&#038;p=14656"},"modified":"2023-12-14T14:58:35","modified_gmt":"2023-12-14T06:58:35","slug":"ultra-slim-36awg-thin-hdmi-2-0-cable-up-to-10-meter","status":"publish","type":"product","link":"https:\/\/www.fjpremium.com\/de\/product\/ultra-slim-36awg-thin-hdmi-2-0-cable-up-to-10-meter\/","title":{"rendered":"Ultra Slim High Speed Thin HDMI 2.0 Kabel f\u00fcr 4K TV 1m 2m 3m 5m 10m"},"content":{"rendered":"<p>Das Kabel wurde f\u00fcr Hochgeschwindigkeits-HDMI-Funktionen und Videoaufl\u00f6sungen bis zu 4K (2160p) entwickelt und eignet sich aufgrund seiner ultrad\u00fcnnen, flexiblen Kabelkonstruktion und seines kompakten Steckerdesigns perfekt f\u00fcr enge R\u00e4ume.<\/p>\n<p>Die HDMI 2.0-Kompatibilit\u00e4t und eine Bandbreite von bis zu 18 Gbps sorgen f\u00fcr ein optimales Seherlebnis und unterst\u00fctzen eine Aufl\u00f6sung von bis zu 4096 x 2160 @ 60Hz.<\/p>\n<p>Au\u00dferdem k\u00f6nnen Sie das kinoreife 21:9-Seitenverh\u00e4ltnis und die beeindruckende 1080p High Frame Rate (HFR) 3D-Darstellung genie\u00dfen, die mit bis zu 120 Hz aktualisiert wird.<\/p>\n<p>Die integrierten Ethernet-Funktionen unseres Kabels erm\u00f6glichen einen optimierten Zugriff auf interaktive Online-Inhalte und Ger\u00e4te-Firmware-Updates.<\/p>\n<p>Seine Spezifikationen:<\/p>\n<ul>\n<li>Vergoldeter Kontakt, vergoldetes Geh\u00e4use<\/li>\n<li>Kabel-Leiter: Verzinntes Kupfer<\/li>\n<li>Kabelquerschnitt: 36AWG (1-3M), 36AWG mit Redmere-Chipsatz (5M), 34AWG mit Redmere-Chipsatz (7,5m, 10m)<\/li>\n<li>Dreifach geschirmt: verdrillte AL-Folie, AL-Folie gesamt, 80# verzinntes Kupfergeflecht<\/li>\n<li>Mantel: PVC<\/li>\n<li>Rundkabel oder Flachkabel sind alle verf\u00fcgbar<\/li>\n<\/ul>\n<p>Und mit einer 5-Jahres-Garantie und der Einhaltung von RoHS und REACH garantiert es Langlebigkeit und Seelenfrieden. Kontaktieren Sie uns also noch heute und f\u00fcgen Sie dieses HDMI 2.0 Kabel f\u00fcr 4K TV zu Ihrem Bestand hinzu.<\/p>","protected":false},"excerpt":{"rendered":"<p>Treten Sie ein in die Welt der High-Definition-Unterhaltung mit dem ultraflachen High-Speed-HDMI-2.0-Kabel von FARSINCE f\u00fcr 4K-Fernseher, perfekt f\u00fcr enge R\u00e4ume.<\/p>","protected":false},"featured_media":24175,"template":"","meta":{"_acf_changed":false,"_seopress_robots_primary_cat":"","_seopress_titles_title":"High Speed Thin HDMI 2.0 Cable for 4K TV - Farsince","_seopress_titles_desc":"","_seopress_robots_index":"","site-sidebar-layout":"default","site-content-layout":"default","ast-site-content-layout":"default","site-content-style":"default","site-sidebar-style":"default","ast-global-header-display":"","ast-banner-title-visibility":"","ast-main-header-display":"","ast-hfb-above-header-display":"","ast-hfb-below-header-display":"","ast-hfb-mobile-header-display":"","site-post-title":"","ast-breadcrumbs-content":"","ast-featured-img":"","footer-sml-layout":"","ast-disable-related-posts":"","theme-transparent-header-meta":"default","adv-header-id-meta":"","stick-header-meta":"","header-above-stick-meta":"","header-main-stick-meta":"","header-below-stick-meta":"","astra-migrate-meta-layouts":"set","ast-page-background-enabled":"default","ast-page-background-meta":{"desktop":{"background-color":"","background-image":"","background-repeat":"repeat","background-position":"center center","background-size":"auto","background-attachment":"scroll","background-type":"","background-media":"","overlay-type":"","overlay-color":"","overlay-opacity":"","overlay-gradient":""},"tablet":{"background-color":"","background-image":"","background-repeat":"repeat","background-position":"center center","background-size":"auto","background-attachment":"scroll","background-type":"","background-media":"","overlay-type":"","overlay-color":"","overlay-opacity":"","overlay-gradient":""},"mobile":{"background-color":"","background-image":"","background-repeat":"repeat","background-position":"center center","background-size":"auto","background-attachment":"scroll","background-type":"","background-media":"","overlay-type":"","overlay-color":"","overlay-opacity":"","overlay-gradient":""}},"ast-content-background-meta":{"desktop":{"background-color":"var(--ast-global-color-5)","background-image":"","background-repeat":"repeat","background-position":"center center","background-size":"auto","background-attachment":"scroll","background-type":"","background-media":"","overlay-type":"","overlay-color":"","overlay-opacity":"","overlay-gradient":""},"tablet":{"background-color":"var(--ast-global-color-5)","background-image":"","background-repeat":"repeat","background-position":"center center","background-size":"auto","background-attachment":"scroll","background-type":"","background-media":"","overlay-type":"","overlay-color":"","overlay-opacity":"","overlay-gradient":""},"mobile":{"background-color":"var(--ast-global-color-5)","background-image":"","background-repeat":"repeat","background-position":"center center","background-size":"auto","background-attachment":"scroll","background-type":"","background-media":"","overlay-type":"","overlay-color":"","overlay-opacity":"","overlay-gradient":""}},"iawp_total_views":12},"product_brand":[],"product_cat":[211,638],"product_tag":[],"class_list":{"0":"post-14656","1":"product","2":"type-product","3":"status-publish","4":"has-post-thumbnail","6":"product_cat-hdmi","7":"product_cat-hdmi-cables","8":"desktop-align-left","9":"tablet-align-left","10":"mobile-align-left","12":"first","13":"instock","14":"shipping-taxable","15":"purchasable","16":"product-type-simple"},"acf":[],"_links":{"self":[{"href":"https:\/\/www.fjpremium.com\/de\/wp-json\/wp\/v2\/product\/14656","targetHints":{"allow":["GET"]}}],"collection":[{"href":"https:\/\/www.fjpremium.com\/de\/wp-json\/wp\/v2\/product"}],"about":[{"href":"https:\/\/www.fjpremium.com\/de\/wp-json\/wp\/v2\/types\/product"}],"wp:featuredmedia":[{"embeddable":true,"href":"https:\/\/www.fjpremium.com\/de\/wp-json\/wp\/v2\/media\/24175"}],"wp:attachment":[{"href":"https:\/\/www.fjpremium.com\/de\/wp-json\/wp\/v2\/media?parent=14656"}],"wp:term":[{"taxonomy":"product_brand","embeddable":true,"href":"https:\/\/www.fjpremium.com\/de\/wp-json\/wp\/v2\/product_brand?post=14656"},{"taxonomy":"product_cat","embeddable":true,"href":"https:\/\/www.fjpremium.com\/de\/wp-json\/wp\/v2\/product_cat?post=14656"},{"taxonomy":"product_tag","embeddable":true,"href":"https:\/\/www.fjpremium.com\/de\/wp-json\/wp\/v2\/product_tag?post=14656"}],"curies":[{"name":"wp","href":"https:\/\/api.w.org\/{rel}","templated":true}]}}